{"id":3249,"date":"2013-02-19T22:10:54","date_gmt":"2013-02-19T22:10:54","guid":{"rendered":"https:\/\/msrisk.com\/es\/msrisk-video\/"},"modified":"2016-02-11T17:11:28","modified_gmt":"2016-02-11T17:11:28","slug":"msrisk-video","status":"publish","type":"page","link":"https:\/\/msrisk.com\/es\/msrisk-video\/","title":{"rendered":"V\u00eddeo introducci\u00f3n de la miner\u00eda Indaba 2013 en Ciudad del Cabo , \u00c1frica del Sur"},"content":{"rendered":"<p><center><br \/>\n<video width=\"720\" height=\"403\" controls><source src=\"\/wp-content\/themes\/msrisk\/video\/msrisk_final.mp4\" type=\"video\/mp4\"><source src=\"\/wp-content\/themes\/msrisk\/video\/msrisk_final.ogv\" type=\"video\/ogg\"><source src=\"\/wp-content\/themes\/msrisk\/video\/msrisk_final.webm\" type=\"video\/webm\">Su navegador no soporta la etiqueta de v\u00eddeo.<\/video><br \/>\n<\/center><\/p>\n","protected":false},"excerpt":{"rendered":"<p><center><br \/>\n<video width=\"720\" height=\"403\" controls><source src=\"\/wp-content\/themes\/msrisk\/video\/msrisk_final.mp4\" type=\"video\/mp4\"\/><source src=\"\/wp-content\/themes\/msrisk\/video\/msrisk_final.ogv\" type=\"video\/ogg\"\/><source src=\"\/wp-content\/themes\/msrisk\/video\/msrisk_final.webm\" type=\"video\/webm\"\/>Su navegador no soporta la etiqueta de v\u00eddeo.<\/video><br \/>\n<\/center>&hellip;<\/p>\n","protected":false},"author":14,"featured_media":0,"parent":0,"menu_order":0,"comment_status":"closed","ping_status":"closed","template":"page-video.php","meta":{"_exactmetrics_skip_tracking":false,"_exactmetrics_sitenote_active":false,"_exactmetrics_sitenote_note":"","_exactmetrics_sitenote_category":0,"footnotes":""},"class_list":["post-3249","page","type-page","status-publish","hentry"],"yoast_head":"<!-- This site is optimized with the Yoast SEO plugin v27.4 - https:\/\/yoast.com\/product\/yoast-seo-wordpress\/ -->\n<title>V\u00eddeo introducci\u00f3n de la miner\u00eda Indaba 2013 en Ciudad del Cabo , \u00c1frica del Sur - MS Risk<\/title>\n<meta name=\"robots\" content=\"index, follow, max-snippet:-1, max-image-preview:large, max-video-preview:-1\" \/>\n<link rel=\"canonical\" href=\"https:\/\/msrisk.com\/es\/msrisk-video\/\" \/>\n<script type=\"application\/ld+json\" class=\"yoast-schema-graph\">{\"@context\":\"https:\\\/\\\/schema.org\",\"@graph\":[{\"@type\":\"WebPage\",\"@id\":\"https:\\\/\\\/msrisk.com\\\/es\\\/msrisk-video\\\/\",\"url\":\"https:\\\/\\\/msrisk.com\\\/es\\\/msrisk-video\\\/\",\"name\":\"V\u00eddeo introducci\u00f3n de la miner\u00eda Indaba 2013 en Ciudad del Cabo , \u00c1frica del Sur - MS Risk\",\"isPartOf\":{\"@id\":\"https:\\\/\\\/msrisk.com\\\/#website\"},\"datePublished\":\"2013-02-19T22:10:54+00:00\",\"dateModified\":\"2016-02-11T17:11:28+00:00\",\"inLanguage\":\"es\",\"potentialAction\":[{\"@type\":\"ReadAction\",\"target\":[\"https:\\\/\\\/msrisk.com\\\/es\\\/msrisk-video\\\/\"]}]},{\"@type\":\"WebSite\",\"@id\":\"https:\\\/\\\/msrisk.com\\\/#website\",\"url\":\"https:\\\/\\\/msrisk.com\\\/\",\"name\":\"MS Risk\",\"description\":\"- Security Risk Management -\",\"potentialAction\":[{\"@type\":\"SearchAction\",\"target\":{\"@type\":\"EntryPoint\",\"urlTemplate\":\"https:\\\/\\\/msrisk.com\\\/?s={search_term_string}\"},\"query-input\":{\"@type\":\"PropertyValueSpecification\",\"valueRequired\":true,\"valueName\":\"search_term_string\"}}],\"inLanguage\":\"es\"}]}<\/script>\n<!-- \/ Yoast SEO plugin. -->","yoast_head_json":{"title":"V\u00eddeo introducci\u00f3n de la miner\u00eda Indaba 2013 en Ciudad del Cabo , \u00c1frica del Sur - MS Risk","robots":{"index":"index","follow":"follow","max-snippet":"max-snippet:-1","max-image-preview":"max-image-preview:large","max-video-preview":"max-video-preview:-1"},"canonical":"https:\/\/msrisk.com\/es\/msrisk-video\/","schema":{"@context":"https:\/\/schema.org","@graph":[{"@type":"WebPage","@id":"https:\/\/msrisk.com\/es\/msrisk-video\/","url":"https:\/\/msrisk.com\/es\/msrisk-video\/","name":"V\u00eddeo introducci\u00f3n de la miner\u00eda Indaba 2013 en Ciudad del Cabo , \u00c1frica del Sur - MS Risk","isPartOf":{"@id":"https:\/\/msrisk.com\/#website"},"datePublished":"2013-02-19T22:10:54+00:00","dateModified":"2016-02-11T17:11:28+00:00","inLanguage":"es","potentialAction":[{"@type":"ReadAction","target":["https:\/\/msrisk.com\/es\/msrisk-video\/"]}]},{"@type":"WebSite","@id":"https:\/\/msrisk.com\/#website","url":"https:\/\/msrisk.com\/","name":"MS Risk","description":"- Security Risk Management -","potentialAction":[{"@type":"SearchAction","target":{"@type":"EntryPoint","urlTemplate":"https:\/\/msrisk.com\/?s={search_term_string}"},"query-input":{"@type":"PropertyValueSpecification","valueRequired":true,"valueName":"search_term_string"}}],"inLanguage":"es"}]}},"_links":{"self":[{"href":"https:\/\/msrisk.com\/es\/wp-json\/wp\/v2\/pages\/3249","targetHints":{"allow":["GET"]}}],"collection":[{"href":"https:\/\/msrisk.com\/es\/wp-json\/wp\/v2\/pages"}],"about":[{"href":"https:\/\/msrisk.com\/es\/wp-json\/wp\/v2\/types\/page"}],"author":[{"embeddable":true,"href":"https:\/\/msrisk.com\/es\/wp-json\/wp\/v2\/users\/14"}],"replies":[{"embeddable":true,"href":"https:\/\/msrisk.com\/es\/wp-json\/wp\/v2\/comments?post=3249"}],"version-history":[{"count":0,"href":"https:\/\/msrisk.com\/es\/wp-json\/wp\/v2\/pages\/3249\/revisions"}],"wp:attachment":[{"href":"https:\/\/msrisk.com\/es\/wp-json\/wp\/v2\/media?parent=3249"}],"curies":[{"name":"wp","href":"https:\/\/api.w.org\/{rel}","templated":true}]}}