{"id":3239,"date":"2011-12-02T16:47:42","date_gmt":"2011-12-02T16:47:42","guid":{"rendered":"https:\/\/msrisk.com\/es\/why-hire-ms-risk\/"},"modified":"2016-02-11T19:36:41","modified_gmt":"2016-02-11T19:36:41","slug":"por-que-confiar-en-ms-risk","status":"publish","type":"page","link":"https:\/\/msrisk.com\/es\/por-que-confiar-en-ms-risk\/","title":{"rendered":"\u00bfPor qu\u00e9 confiar en MS Risk?"},"content":{"rendered":"<p class=\"opening\">Con independencia de nuestras fuertes vinculaciones con el sector de las finanzas y los seguros y a pesar del car\u00e1cter silencioso a la vez que efectivo de nuestro trabajo, MS Risk cuenta con oficinas de representaci\u00f3n y con una red intr\u00ednseca de consultores en otros pa\u00edses para hacer frente a todo tipo de asignaciones. Adem\u00e1s proporcionamos a nuestros clientes un centro de informaci\u00f3n multiling\u00fce 24\/7 a trav\u00e9s del cual brindamos asesoramiento inmediato y recopilamos datos sobre incidentes graves.<\/p>\n<h2>Experiencia y confianza<\/h2>\n<p>Nuestros consultores son seleccionados no solo por lo que sol\u00edan hacer (en el pasado eran miembros del cuerpo militar, fuerzas del orden, servicios de inteligencia, sector comercial, etc.), sino por lo que hacen ahora.  Antes de asignarles una tarea, se precisan minuciosamente sus capacidades, competencias e idoneidad para un determinado servicio. Nuestro equipo de l\u00edderes, analistas, investigadores, centro de control y red mundial les brindan todo su apoyo. No contratamos a personal en pr\u00e1cticas.<\/p>\n<p>Los consultores de MS Risk han gestionado los efectos comerciales de acciones de conflicto armado, terrorismo y crimen organizado as\u00ed como el impacto de p\u00e9rdidas de origen conocido y desconocido en jurisdicciones mercantiles m\u00e1s estables. Sea cual sea el tipo de amenaza, abordamos su mitigaci\u00f3n a trav\u00e9s de un enfoque basado en los riesgos y nos esforzamos por definir la funci\u00f3n del riesgo de seguridad como un centro que brinde resultados al cliente siempre que sea posible.<\/p>\n<p>La relaci\u00f3n con el cliente es clave en nuestro \u00e9xito. Nadie se esfuerza m\u00e1s por sus clientes. \u00bfPor qu\u00e9 no conf\u00eda en MS Risk y lo averigua?<\/p>\n","protected":false},"excerpt":{"rendered":"<p class=\"opening\">Con independencia de nuestras fuertes vinculaciones con el sector de las finanzas y los seguros y a pesar del car\u00e1cter silencioso a la vez que efectivo de nuestro trabajo, MS Risk cuenta con oficinas de representaci\u00f3n y con una red &hellip;<\/p>\n","protected":false},"author":14,"featured_media":0,"parent":0,"menu_order":0,"comment_status":"closed","ping_status":"closed","template":"page-whyhire.php","meta":{"_exactmetrics_skip_tracking":false,"_exactmetrics_sitenote_active":false,"_exactmetrics_sitenote_note":"","_exactmetrics_sitenote_category":0,"footnotes":""},"class_list":["post-3239","page","type-page","status-publish","hentry"],"yoast_head":"<!-- This site is optimized with the Yoast SEO plugin v27.3 - https:\/\/yoast.com\/product\/yoast-seo-wordpress\/ -->\n<title>Why Hire MS Risk? - MS Risk | Security Risk Management<\/title>\n<meta name=\"description\" content=\"MS Risk identifies, mitigates and reduces security risk to protect client assets, their customers, employees and reputation.\" \/>\n<meta name=\"robots\" content=\"index, follow, max-snippet:-1, max-image-preview:large, max-video-preview:-1\" \/>\n<link rel=\"canonical\" href=\"https:\/\/msrisk.com\/es\/por-que-confiar-en-ms-risk\/\" \/>\n<meta name=\"twitter:label1\" content=\"Tiempo de lectura\" \/>\n\t<meta name=\"twitter:data1\" content=\"1 minuto\" \/>\n<script type=\"application\/ld+json\" class=\"yoast-schema-graph\">{\"@context\":\"https:\\\/\\\/schema.org\",\"@graph\":[{\"@type\":\"WebPage\",\"@id\":\"https:\\\/\\\/msrisk.com\\\/es\\\/por-que-confiar-en-ms-risk\\\/\",\"url\":\"https:\\\/\\\/msrisk.com\\\/es\\\/por-que-confiar-en-ms-risk\\\/\",\"name\":\"Why Hire MS Risk? - MS Risk | Security Risk Management\",\"isPartOf\":{\"@id\":\"https:\\\/\\\/msrisk.com\\\/#website\"},\"datePublished\":\"2011-12-02T16:47:42+00:00\",\"dateModified\":\"2016-02-11T19:36:41+00:00\",\"description\":\"MS Risk identifies, mitigates and reduces security risk to protect client assets, their customers, employees and reputation.\",\"inLanguage\":\"es\",\"potentialAction\":[{\"@type\":\"ReadAction\",\"target\":[\"https:\\\/\\\/msrisk.com\\\/es\\\/por-que-confiar-en-ms-risk\\\/\"]}]},{\"@type\":\"WebSite\",\"@id\":\"https:\\\/\\\/msrisk.com\\\/#website\",\"url\":\"https:\\\/\\\/msrisk.com\\\/\",\"name\":\"MS Risk\",\"description\":\"- Security Risk Management -\",\"potentialAction\":[{\"@type\":\"SearchAction\",\"target\":{\"@type\":\"EntryPoint\",\"urlTemplate\":\"https:\\\/\\\/msrisk.com\\\/?s={search_term_string}\"},\"query-input\":{\"@type\":\"PropertyValueSpecification\",\"valueRequired\":true,\"valueName\":\"search_term_string\"}}],\"inLanguage\":\"es\"}]}<\/script>\n<!-- \/ Yoast SEO plugin. -->","yoast_head_json":{"title":"Why Hire MS Risk? - MS Risk | Security Risk Management","description":"MS Risk identifies, mitigates and reduces security risk to protect client assets, their customers, employees and reputation.","robots":{"index":"index","follow":"follow","max-snippet":"max-snippet:-1","max-image-preview":"max-image-preview:large","max-video-preview":"max-video-preview:-1"},"canonical":"https:\/\/msrisk.com\/es\/por-que-confiar-en-ms-risk\/","twitter_misc":{"Tiempo de lectura":"1 minuto"},"schema":{"@context":"https:\/\/schema.org","@graph":[{"@type":"WebPage","@id":"https:\/\/msrisk.com\/es\/por-que-confiar-en-ms-risk\/","url":"https:\/\/msrisk.com\/es\/por-que-confiar-en-ms-risk\/","name":"Why Hire MS Risk? - MS Risk | Security Risk Management","isPartOf":{"@id":"https:\/\/msrisk.com\/#website"},"datePublished":"2011-12-02T16:47:42+00:00","dateModified":"2016-02-11T19:36:41+00:00","description":"MS Risk identifies, mitigates and reduces security risk to protect client assets, their customers, employees and reputation.","inLanguage":"es","potentialAction":[{"@type":"ReadAction","target":["https:\/\/msrisk.com\/es\/por-que-confiar-en-ms-risk\/"]}]},{"@type":"WebSite","@id":"https:\/\/msrisk.com\/#website","url":"https:\/\/msrisk.com\/","name":"MS Risk","description":"- Security Risk Management -","potentialAction":[{"@type":"SearchAction","target":{"@type":"EntryPoint","urlTemplate":"https:\/\/msrisk.com\/?s={search_term_string}"},"query-input":{"@type":"PropertyValueSpecification","valueRequired":true,"valueName":"search_term_string"}}],"inLanguage":"es"}]}},"_links":{"self":[{"href":"https:\/\/msrisk.com\/es\/wp-json\/wp\/v2\/pages\/3239","targetHints":{"allow":["GET"]}}],"collection":[{"href":"https:\/\/msrisk.com\/es\/wp-json\/wp\/v2\/pages"}],"about":[{"href":"https:\/\/msrisk.com\/es\/wp-json\/wp\/v2\/types\/page"}],"author":[{"embeddable":true,"href":"https:\/\/msrisk.com\/es\/wp-json\/wp\/v2\/users\/14"}],"replies":[{"embeddable":true,"href":"https:\/\/msrisk.com\/es\/wp-json\/wp\/v2\/comments?post=3239"}],"version-history":[{"count":0,"href":"https:\/\/msrisk.com\/es\/wp-json\/wp\/v2\/pages\/3239\/revisions"}],"wp:attachment":[{"href":"https:\/\/msrisk.com\/es\/wp-json\/wp\/v2\/media?parent=3239"}],"curies":[{"name":"wp","href":"https:\/\/api.w.org\/{rel}","templated":true}]}}