{"id":3237,"date":"2011-12-02T16:48:49","date_gmt":"2011-12-02T16:48:49","guid":{"rendered":"https:\/\/msrisk.com\/es\/about-ms-risk\/"},"modified":"2016-02-29T14:32:07","modified_gmt":"2016-02-29T14:32:07","slug":"acerca-de-ms-risk","status":"publish","type":"page","link":"https:\/\/msrisk.com\/es\/acerca-de-ms-risk\/","title":{"rendered":"Acerca de MS Risk"},"content":{"rendered":"<p class=\"opening\"><a name=\"aboutus\"><\/a>MS Risk identifica, mitiga y reduce el riesgo de seguridad con el objetivo de proteger el activo de sus clientes, los clientes de sus clientes, sus empleados y su reputaci\u00f3n. La necesidad de proteger el activo, el personal y la reputaci\u00f3n es una preocupaci\u00f3n principal entre las empresas de todo el mundo. En vista de la creciente actividad terrorista y criminal a nivel mundial y de sus efectos asociados sobre el sector empresarial, la seguridad deber\u00eda ocupar un lugar en la agenda de las grandes y las peque\u00f1as empresas.<\/p>\n<p>A pesar de los problemas crecientes, la cuesti\u00f3n de la seguridad a menudo se delega a directores que no tienen experiencia en este campo, y con frecuencia no saben d\u00f3nde est\u00e1n sus principales problemas de seguridad.  Como funci\u00f3n empresarial, la seguridad suele percibirse de manera aislada a otras funciones, lo que resulta una oportunidad perdida para poder darle relevancia dentro de la organizaci\u00f3n en cuesti\u00f3n.<\/p>\n<p>Los riesgos internos y externos son a menudo dif\u00edciles de valorar, y no se limitan al terrorismo o a amenazas de fuerzas externas. De hecho, las empresas se enfrentan a problemas de seguridad por su propio personal, proveedores, clientes y entorno operativo. Muchas organizaciones no cuentan con un jefe de seguridad dedicado o el alcance de la funci\u00f3n de seguridad es limitado.<\/p>\n<h2><a name=\"how\"><\/a>\u00bfComo podemos ayudarte?<\/h2>\n<p>MS Risk ofrece una soluci\u00f3n moderna al riesgo de seguridad corporativo. Nuestros servicios cubren todos los aspectos en el \u00e1mbito de la seguridad, la prevenci\u00f3n de p\u00e9rdidas y la gesti\u00f3n de riesgos. Contribuimos a que la seguridad en su organizaci\u00f3n sea pertinente, eficiente y  se base en los riesgos, y maximizamos su impacto en su actividad empresarial principal. Nuestra red internacional de asesores nos permite proporcionar apoyo dentro y fuera de nuestras fronteras, brindando a nuestros clientes nuestros conocimientos locales y buenas pr\u00e1cticas acordes a su entorno operativo y sector empresarial. <\/p>\n<h2><a name=\"approach\"><\/a>Nuestro enfoque<\/h2>\n<p>Nuestro enfoque proactivo recurre a t\u00e9cnicas innovadoras para evaluar los riesgos y gestionar aspectos relativos a la seguridad. Muchos de nuestros consultores son profesionales experimentados que anteriormente pertenec\u00edan al cuerpo militar o a las fuerzas del orden y que ahora nosotros recuperamos para beneficiarnos de su amplia experiencia comercial y visi\u00f3n para los negocios. La relaci\u00f3n con cada uno de nuestros clientes es crucial para nosotros. Nuestra direcci\u00f3n est\u00e1 conducida y asistida por consultores con grandes conocimientos y experiencias en sectores relevantes.  Cumplimos y respetamos en todo momento la Ley brit\u00e1nica anticorrupci\u00f3n, la Ley estadounidense de pr\u00e1cticas corruptas en el extranjero, la Ley canadiense C-48 y los Principios voluntarios de corporaciones financieras internacionales, entre otras normativas y directrices.<\/p>\n<p>Nuestros consultores combinan la integridad, la competencia y la experiencia pr\u00e1ctica que han adquirido en una diversa variedad de sector comerciales. MS Risk sigue los consejos de un panel asesor independiente compuesto por estrategas multidisciplinarios que nos dictan las pautas fundamentales para garantizar que sigamos manteni\u00e9ndonos a la vanguardia con una visi\u00f3n hol\u00edstica de nuestras actividades y previsiones de futuro. Pero tambi\u00e9n somos capaces de escuchar a nuestros clientes, con los que nos reunimos peri\u00f3dicamente para compartir con ellos los progresos y garantizarles que les seguiremos aportando un valor a\u00f1adido en sus respectivas organizaciones.<\/p>\n<h2><a name=\"bio\"><\/a>Descripci\u00f3n corporativa: la distancia no nos aleja de nuestro objetivo<\/h2>\n<p>MS Risk tiene su sede en la Isla de Man.  La discreci\u00f3n es nuestro lema. Nos encontramos en una posici\u00f3n \u00fanica, que est\u00e1 directamente vinculada y que trabaja en estrecha colaboraci\u00f3n con los mercados especialistas a nivel mundial de los seguros de riesgos de Lloyd&#8217;s de Londres, grupos financieros y el gremio jur\u00eddico.<\/p>\n<p>Nuestros directivos han trabajado en el sector de la seguridad comercial a lo largo de veinte a\u00f1os. Su experiencia incluye ofrecer protecci\u00f3n y asesoramiento a sectores de clientes como el de las finanzas, energ\u00eda y miner\u00eda, marina, infraestructura, construcci\u00f3n e ingenier\u00eda, hosteler\u00eda, comercio minorista y cadena de suministro. Este trabajo se ha completado por todo el mundo y en todos los tipos de entornos operativos.<\/p>\n<p>Nuestra cartera de clientes est\u00e1 compuesta por instituciones financieras, compa\u00f1\u00edas de seguros, multinacionales, peque\u00f1as y medianas empresas, gremio jur\u00eddico, capital privado, fondos de cobertura y particulares con elevado patrimonio neto.  Tambi\u00e9n trabajamos para departamentos del gobierno y organizaciones no gubernamentales.<\/p>\n","protected":false},"excerpt":{"rendered":"<p class=\"opening\"><a name=\"aboutus\"><\/a>MS Risk identifica, mitiga y reduce el riesgo de seguridad con el objetivo de proteger el activo de sus clientes, los clientes de sus clientes, sus empleados y su reputaci\u00f3n. La necesidad de proteger el activo, el personal y la &hellip;<\/p>\n","protected":false},"author":14,"featured_media":0,"parent":0,"menu_order":0,"comment_status":"closed","ping_status":"closed","template":"page-about.php","meta":{"_exactmetrics_skip_tracking":false,"_exactmetrics_sitenote_active":false,"_exactmetrics_sitenote_note":"","_exactmetrics_sitenote_category":0,"footnotes":""},"class_list":["post-3237","page","type-page","status-publish","hentry"],"yoast_head":"<!-- This site is optimized with the Yoast SEO plugin v27.6 - https:\/\/yoast.com\/product\/yoast-seo-wordpress\/ -->\n<title>About MS Risk - MS Risk | Security Risk Management<\/title>\n<meta name=\"description\" content=\"MS Risk identifies, mitigates and reduces security risk to protect client assets, their customers, employees and reputation.\" \/>\n<meta name=\"robots\" content=\"index, follow, max-snippet:-1, max-image-preview:large, max-video-preview:-1\" \/>\n<link rel=\"canonical\" href=\"https:\/\/msrisk.com\/es\/acerca-de-ms-risk\/\" \/>\n<meta name=\"twitter:label1\" content=\"Tiempo de lectura\" \/>\n\t<meta name=\"twitter:data1\" content=\"4 minutos\" \/>\n<script type=\"application\/ld+json\" class=\"yoast-schema-graph\">{\"@context\":\"https:\\\/\\\/schema.org\",\"@graph\":[{\"@type\":\"WebPage\",\"@id\":\"https:\\\/\\\/msrisk.com\\\/es\\\/acerca-de-ms-risk\\\/\",\"url\":\"https:\\\/\\\/msrisk.com\\\/es\\\/acerca-de-ms-risk\\\/\",\"name\":\"About MS Risk - MS Risk | Security Risk Management\",\"isPartOf\":{\"@id\":\"https:\\\/\\\/msrisk.com\\\/#website\"},\"datePublished\":\"2011-12-02T16:48:49+00:00\",\"dateModified\":\"2016-02-29T14:32:07+00:00\",\"description\":\"MS Risk identifies, mitigates and reduces security risk to protect client assets, their customers, employees and reputation.\",\"inLanguage\":\"es\",\"potentialAction\":[{\"@type\":\"ReadAction\",\"target\":[\"https:\\\/\\\/msrisk.com\\\/es\\\/acerca-de-ms-risk\\\/\"]}]},{\"@type\":\"WebSite\",\"@id\":\"https:\\\/\\\/msrisk.com\\\/#website\",\"url\":\"https:\\\/\\\/msrisk.com\\\/\",\"name\":\"MS Risk\",\"description\":\"- Security Risk Management -\",\"potentialAction\":[{\"@type\":\"SearchAction\",\"target\":{\"@type\":\"EntryPoint\",\"urlTemplate\":\"https:\\\/\\\/msrisk.com\\\/?s={search_term_string}\"},\"query-input\":{\"@type\":\"PropertyValueSpecification\",\"valueRequired\":true,\"valueName\":\"search_term_string\"}}],\"inLanguage\":\"es\"}]}<\/script>\n<!-- \/ Yoast SEO plugin. -->","yoast_head_json":{"title":"About MS Risk - MS Risk | Security Risk Management","description":"MS Risk identifies, mitigates and reduces security risk to protect client assets, their customers, employees and reputation.","robots":{"index":"index","follow":"follow","max-snippet":"max-snippet:-1","max-image-preview":"max-image-preview:large","max-video-preview":"max-video-preview:-1"},"canonical":"https:\/\/msrisk.com\/es\/acerca-de-ms-risk\/","twitter_misc":{"Tiempo de lectura":"4 minutos"},"schema":{"@context":"https:\/\/schema.org","@graph":[{"@type":"WebPage","@id":"https:\/\/msrisk.com\/es\/acerca-de-ms-risk\/","url":"https:\/\/msrisk.com\/es\/acerca-de-ms-risk\/","name":"About MS Risk - MS Risk | Security Risk Management","isPartOf":{"@id":"https:\/\/msrisk.com\/#website"},"datePublished":"2011-12-02T16:48:49+00:00","dateModified":"2016-02-29T14:32:07+00:00","description":"MS Risk identifies, mitigates and reduces security risk to protect client assets, their customers, employees and reputation.","inLanguage":"es","potentialAction":[{"@type":"ReadAction","target":["https:\/\/msrisk.com\/es\/acerca-de-ms-risk\/"]}]},{"@type":"WebSite","@id":"https:\/\/msrisk.com\/#website","url":"https:\/\/msrisk.com\/","name":"MS Risk","description":"- Security Risk Management -","potentialAction":[{"@type":"SearchAction","target":{"@type":"EntryPoint","urlTemplate":"https:\/\/msrisk.com\/?s={search_term_string}"},"query-input":{"@type":"PropertyValueSpecification","valueRequired":true,"valueName":"search_term_string"}}],"inLanguage":"es"}]}},"_links":{"self":[{"href":"https:\/\/msrisk.com\/es\/wp-json\/wp\/v2\/pages\/3237","targetHints":{"allow":["GET"]}}],"collection":[{"href":"https:\/\/msrisk.com\/es\/wp-json\/wp\/v2\/pages"}],"about":[{"href":"https:\/\/msrisk.com\/es\/wp-json\/wp\/v2\/types\/page"}],"author":[{"embeddable":true,"href":"https:\/\/msrisk.com\/es\/wp-json\/wp\/v2\/users\/14"}],"replies":[{"embeddable":true,"href":"https:\/\/msrisk.com\/es\/wp-json\/wp\/v2\/comments?post=3237"}],"version-history":[{"count":0,"href":"https:\/\/msrisk.com\/es\/wp-json\/wp\/v2\/pages\/3237\/revisions"}],"wp:attachment":[{"href":"https:\/\/msrisk.com\/es\/wp-json\/wp\/v2\/media?parent=3237"}],"curies":[{"name":"wp","href":"https:\/\/api.w.org\/{rel}","templated":true}]}}